{"id":65,"date":"2025-12-22T14:30:21","date_gmt":"2025-12-22T13:30:21","guid":{"rendered":"https:\/\/missions.bisbatdeterrassa.org\/index.php\/home\/"},"modified":"2026-02-17T14:26:19","modified_gmt":"2026-02-17T13:26:19","slug":"home","status":"publish","type":"page","link":"https:\/\/missions.bisbatdeterrassa.org\/","title":{"rendered":"Home"},"content":{"rendered":"\t\t<div data-elementor-type=\"wp-page\" data-elementor-id=\"65\" class=\"elementor elementor-65\" data-elementor-post-type=\"page\">\n\t\t\t\t<div class=\"elementor-element elementor-element-154c6d02 e-con-full hero e-flex e-con e-parent\" data-id=\"154c6d02\" data-element_type=\"container\" data-e-type=\"container\" id=\"hero\" data-settings=\"{&quot;background_background&quot;:&quot;classic&quot;}\">\n\t\t\t\t<div class=\"elementor-element elementor-element-9839b84 elementor-widget__width-initial elementor-widget elementor-widget-heading\" data-id=\"9839b84\" data-element_type=\"widget\" data-e-type=\"widget\" data-widget_type=\"heading.default\">\n\t\t\t\t\t<h2 class=\"elementor-heading-title elementor-size-default\">Delegaci\u00f3n de Misiones del Obispado de Terrassa<\/h2>\t\t\t\t<\/div>\n\t\t\t\t<\/div>\n\t\t<div class=\"elementor-element elementor-element-fe6e309 e-flex e-con-boxed e-con e-parent\" data-id=\"fe6e309\" data-element_type=\"container\" data-e-type=\"container\" data-settings=\"{&quot;background_background&quot;:&quot;slideshow&quot;,&quot;background_slideshow_gallery&quot;:[],&quot;background_slideshow_loop&quot;:&quot;yes&quot;,&quot;background_slideshow_slide_duration&quot;:5000,&quot;background_slideshow_slide_transition&quot;:&quot;fade&quot;,&quot;background_slideshow_transition_duration&quot;:500}\">\n\t\t\t\t\t<div class=\"e-con-inner\">\n\t\t\t\t<div class=\"elementor-element elementor-element-3f48c87c elementor-invisible elementor-widget elementor-widget-heading\" data-id=\"3f48c87c\" data-element_type=\"widget\" data-e-type=\"widget\" data-settings=\"{&quot;_animation&quot;:&quot;fadeIn&quot;,&quot;_animation_delay&quot;:&quot;300&quot;}\" data-widget_type=\"heading.default\">\n\t\t\t\t\t<h2 class=\"elementor-heading-title elementor-size-default\">Actualidad<\/h2>\t\t\t\t<\/div>\n\t\t\t\t\t<\/div>\n\t\t\t\t<\/div>\n\t\t<div class=\"elementor-element elementor-element-98dfa88 e-flex e-con-boxed e-con e-parent\" data-id=\"98dfa88\" data-element_type=\"container\" data-e-type=\"container\" data-settings=\"{&quot;background_background&quot;:&quot;classic&quot;}\">\n\t\t\t\t\t<div class=\"e-con-inner\">\n\t\t\t\t<div class=\"elementor-element elementor-element-fc156b3 elementor-invisible elementor-widget elementor-widget-heading\" data-id=\"fc156b3\" data-element_type=\"widget\" data-e-type=\"widget\" data-settings=\"{&quot;_animation&quot;:&quot;fadeIn&quot;,&quot;_animation_delay&quot;:&quot;300&quot;}\" data-widget_type=\"heading.default\">\n\t\t\t\t\t<h2 class=\"elementor-heading-title elementor-size-default\">JORNADAS<\/h2>\t\t\t\t<\/div>\n\t\t\t\t<div class=\"elementor-element elementor-element-e61f3d0 elementor-widget-divider--view-line elementor-widget elementor-widget-divider\" data-id=\"e61f3d0\" data-element_type=\"widget\" data-e-type=\"widget\" data-widget_type=\"divider.default\">\n\t\t\t\t\t\t\t<div class=\"elementor-divider\">\n\t\t\t<span class=\"elementor-divider-separator\">\n\t\t\t\t\t\t<\/span>\n\t\t<\/div>\n\t\t\t\t\t\t<\/div>\n\t\t\t\t<div class=\"elementor-element elementor-element-f531b7d elementor-widget__width-initial elementor-invisible elementor-widget elementor-widget-heading\" data-id=\"f531b7d\" data-element_type=\"widget\" data-e-type=\"widget\" data-settings=\"{&quot;_animation&quot;:&quot;fadeIn&quot;}\" data-widget_type=\"heading.default\">\n\t\t\t\t\t<h6 class=\"elementor-heading-title elementor-size-default\">Las Jornadas Misioneras se celebran en toda la Iglesia Diocesana y representan la oportunidad de poner la misi\u00f3n en el centro su acci\u00f3n y oraci\u00f3n.\nA lo largo del a\u00f1o, se realizan diferentes jornadas que ponen el foco en una dimensi\u00f3n de la misi\u00f3n diferente para pedir la oraci\u00f3n y cooperaci\u00f3n de todo el pueblo.<\/h6>\t\t\t\t<\/div>\n\t\t<div class=\"elementor-element elementor-element-f4da09c e-con-full e-flex e-con e-child\" data-id=\"f4da09c\" data-element_type=\"container\" data-e-type=\"container\">\n\t\t<div class=\"elementor-element elementor-element-f840d84 e-con-full e-flex e-con e-child\" data-id=\"f840d84\" data-element_type=\"container\" data-e-type=\"container\" data-settings=\"{&quot;background_background&quot;:&quot;classic&quot;}\">\n\t\t\t\t<div class=\"elementor-element elementor-element-41f4b6f elementor-widget elementor-widget-ucaddon_uc_banner_hover_effects\" data-id=\"41f4b6f\" data-element_type=\"widget\" data-e-type=\"widget\" data-widget_type=\"ucaddon_uc_banner_hover_effects.default\">\n\t\t\t\t<div class=\"elementor-widget-container\">\n\t\t\t\t\t\n<!-- start Banner Hover Effects -->\n\t\t<link id='fancybox-css' href='https:\/\/missions.bisbatdeterrassa.org\/wp-content\/plugins\/unlimited-elements-for-elementor\/assets_libraries\/fancybox3\/jquery.fancybox.min.css' type='text\/css' rel='stylesheet' >\n\t\t<link id='uc_ac_assets_file_uc_hover_effect_ideas_css_35244-css' href='https:\/\/missions.bisbatdeterrassa.org\/wp-content\/uploads\/ac_assets\/uc_hover_effect_ideas\/uc_hover_effect_ideas.css' type='text\/css' rel='stylesheet' >\n\n<style>\/* widget: Banner Hover Effects *\/\n\n#uc_uc_banner_hover_effects_elementor_41f4b6f.uc_hover_effect_ideas{\n  \tbackground: #DB6437;\n}\n\n#uc_uc_banner_hover_effects_elementor_41f4b6f figcaption\n{\n  font-style:initial;\n}\n\n<\/style>\n\n<div class=\"uc_hover_effect_ideas\" id=\"uc_uc_banner_hover_effects_elementor_41f4b6f\">\n  <figure class=\"effect-5\">\n    <div class=\"uc_banner_image height\" style=\"background: url(https:\/\/missions.bisbatdeterrassa.org\/wp-content\/uploads\/2025\/12\/ASL04651-scaled-1.jpg);\"><\/div>\n    <figcaption>\n       \n      <div class=\"uc_title uc_title_hover\"><div>Domund<\/div><\/div> \n      <p class=\"uc_paragraph\">El Domund es el d\u00eda en que, de manera especial, la Iglesia universal ruega para misioneros y colabora con misiones.\n\nSe celebra en todo el mundo el pen\u00faltimo domingo de octubre, el \u201cmes de las misiones\u201d.<\/p>\n      <a  \n          href=\"https:\/\/domund.es\/\"  ><\/a>\n    <\/figcaption>\t\t\t\n  <\/figure>\n<\/div>\n      \n <!-- banner -->\n<!-- end Banner Hover Effects -->\t\t\t\t<\/div>\n\t\t\t\t<\/div>\n\t\t\t\t<\/div>\n\t\t<div class=\"elementor-element elementor-element-020464a e-con-full e-flex e-con e-child\" data-id=\"020464a\" data-element_type=\"container\" data-e-type=\"container\" data-settings=\"{&quot;background_background&quot;:&quot;classic&quot;}\">\n\t\t\t\t<div class=\"elementor-element elementor-element-a7aa94d elementor-widget elementor-widget-ucaddon_uc_banner_hover_effects\" data-id=\"a7aa94d\" data-element_type=\"widget\" data-e-type=\"widget\" data-widget_type=\"ucaddon_uc_banner_hover_effects.default\">\n\t\t\t\t<div class=\"elementor-widget-container\">\n\t\t\t\t\t\n<!-- start Banner Hover Effects -->\n\n<style>\/* widget: Banner Hover Effects *\/\n\n#uc_uc_banner_hover_effects_elementor_a7aa94d.uc_hover_effect_ideas{\n  \tbackground: #CF952E;\n}\n\n#uc_uc_banner_hover_effects_elementor_a7aa94d figcaption\n{\n  font-style:initial;\n}\n\n<\/style>\n\n<div class=\"uc_hover_effect_ideas\" id=\"uc_uc_banner_hover_effects_elementor_a7aa94d\">\n  <figure class=\"effect-5\">\n    <div class=\"uc_banner_image height\" style=\"background: url(https:\/\/missions.bisbatdeterrassa.org\/wp-content\/uploads\/2025\/12\/PHOTO-2019-03-04-17-07-43.jpg);\"><\/div>\n    <figcaption>\n       \n      <div class=\"uc_title uc_title_hover\"><div>Infancia Misionera<\/div><\/div> \n      <p class=\"uc_paragraph\">Los misioneros siempre est\u00e1n con ellos, no importa lo que sea\n\nY tienen grandes aliados que les ayudan: los hijos del mundo.\n\n<\/p>\n      <a  \n          href=\"https:\/\/infanciamisionera.es\/\"  ><\/a>\n    <\/figcaption>\t\t\t\n  <\/figure>\n<\/div>\n      \n <!-- banner -->\n<!-- end Banner Hover Effects -->\t\t\t\t<\/div>\n\t\t\t\t<\/div>\n\t\t\t\t<\/div>\n\t\t<div class=\"elementor-element elementor-element-2b3820a e-con-full e-flex e-con e-child\" data-id=\"2b3820a\" data-element_type=\"container\" data-e-type=\"container\" data-settings=\"{&quot;background_background&quot;:&quot;classic&quot;}\">\n\t\t\t\t<div class=\"elementor-element elementor-element-5349c45 elementor-widget elementor-widget-ucaddon_uc_banner_hover_effects\" data-id=\"5349c45\" data-element_type=\"widget\" data-e-type=\"widget\" data-widget_type=\"ucaddon_uc_banner_hover_effects.default\">\n\t\t\t\t<div class=\"elementor-widget-container\">\n\t\t\t\t\t\n<!-- start Banner Hover Effects -->\n\n<style>\/* widget: Banner Hover Effects *\/\n\n#uc_uc_banner_hover_effects_elementor_5349c45.uc_hover_effect_ideas{\n  \tbackground: #459C5B;\n}\n\n#uc_uc_banner_hover_effects_elementor_5349c45 figcaption\n{\n  font-style:initial;\n}\n\n<\/style>\n\n<div class=\"uc_hover_effect_ideas\" id=\"uc_uc_banner_hover_effects_elementor_5349c45\">\n  <figure class=\"effect-5\">\n    <div class=\"uc_banner_image height\" style=\"background: url(https:\/\/missions.bisbatdeterrassa.org\/wp-content\/uploads\/2025\/12\/ordenacion-5.jpeg);\"><\/div>\n    <figcaption>\n       \n      <div class=\"uc_title uc_title_hover\"><div>Vocaciones Nativas<\/div><\/div> \n      <p class=\"uc_paragraph\">Es un d\u00eda especialmente dedicado a la oraci\u00f3n y la cooperaci\u00f3n con los j\u00f3venes llamados al sacerdocio oa la vida consagrada en los territorios de la misi\u00f3n.<\/p>\n      <a  \n          href=\"https:\/\/vocacionesnativas.es\/\"  ><\/a>\n    <\/figcaption>\t\t\t\n  <\/figure>\n<\/div>\n      \n <!-- banner -->\n<!-- end Banner Hover Effects -->\t\t\t\t<\/div>\n\t\t\t\t<\/div>\n\t\t\t\t<\/div>\n\t\t<div class=\"elementor-element elementor-element-b181c96 e-con-full e-flex e-con e-child\" data-id=\"b181c96\" data-element_type=\"container\" data-e-type=\"container\" data-settings=\"{&quot;background_background&quot;:&quot;classic&quot;}\">\n\t\t\t\t<div class=\"elementor-element elementor-element-a7f99d6 elementor-widget__width-initial elementor-widget elementor-widget-heading\" data-id=\"a7f99d6\" data-element_type=\"widget\" data-e-type=\"widget\" data-widget_type=\"heading.default\">\n\t\t\t\t\t<h2 class=\"elementor-heading-title elementor-size-default\">Descarga los materiales<\/h2>\t\t\t\t<\/div>\n\t\t\t\t<div class=\"elementor-element elementor-element-4dde282 elementor-widget__width-initial elementor-widget elementor-widget-text-editor\" data-id=\"4dde282\" data-element_type=\"widget\" data-e-type=\"widget\" data-widget_type=\"text-editor.default\">\n\t\t\t\t\t\t\t\t\t<p>Descarga los materiales de las distintas campa\u00f1as y lleva la misi\u00f3n a tu parroquia. Ponemos a su disposici\u00f3n los carteles, guiones de formaci\u00f3n y todo tipo de recursos de animaci\u00f3n de cada una de las campa\u00f1as.<\/p>\t\t\t\t\t\t\t\t<\/div>\n\t\t\t\t<\/div>\n\t\t<div class=\"elementor-element elementor-element-0e73104 e-con-full e-grid e-con e-child\" data-id=\"0e73104\" data-element_type=\"container\" data-e-type=\"container\" data-settings=\"{&quot;background_background&quot;:&quot;classic&quot;}\">\n\t\t\t\t<div class=\"elementor-element elementor-element-a8fdcdd elementor-align-center elementor-widget elementor-widget-button\" data-id=\"a8fdcdd\" data-element_type=\"widget\" data-e-type=\"widget\" data-widget_type=\"button.default\">\n\t\t\t\t\t\t\t\t\t\t<a class=\"elementor-button elementor-button-link elementor-size-sm\" href=\"https:\/\/domund.es\/materiales-profesores-catequistas-agentes-pastoral\/\" target=\"_blank\">\n\t\t\t\t\t\t<span class=\"elementor-button-content-wrapper\">\n\t\t\t\t\t\t\t\t\t<span class=\"elementor-button-text\">DOMUND<\/span>\n\t\t\t\t\t<\/span>\n\t\t\t\t\t<\/a>\n\t\t\t\t\t\t\t\t<\/div>\n\t\t\t\t<div class=\"elementor-element elementor-element-337ec5e elementor-align-center elementor-widget elementor-widget-button\" data-id=\"337ec5e\" data-element_type=\"widget\" data-e-type=\"widget\" data-widget_type=\"button.default\">\n\t\t\t\t\t\t\t\t\t\t<a class=\"elementor-button elementor-button-link elementor-size-sm\" href=\"https:\/\/infanciamisionera.es\/materiales-infancia-misionera\/\" target=\"_blank\">\n\t\t\t\t\t\t<span class=\"elementor-button-content-wrapper\">\n\t\t\t\t\t\t\t\t\t<span class=\"elementor-button-text\">INFANCIA MISIONERA<\/span>\n\t\t\t\t\t<\/span>\n\t\t\t\t\t<\/a>\n\t\t\t\t\t\t\t\t<\/div>\n\t\t\t\t<div class=\"elementor-element elementor-element-7ae05ee elementor-align-center elementor-widget elementor-widget-button\" data-id=\"7ae05ee\" data-element_type=\"widget\" data-e-type=\"widget\" data-widget_type=\"button.default\">\n\t\t\t\t\t\t\t\t\t\t<a class=\"elementor-button elementor-button-link elementor-size-sm\" href=\"https:\/\/vocacionesnativas.es\/\" target=\"_blank\">\n\t\t\t\t\t\t<span class=\"elementor-button-content-wrapper\">\n\t\t\t\t\t\t\t\t\t<span class=\"elementor-button-text\">VOCACIONES NATIVAS<\/span>\n\t\t\t\t\t<\/span>\n\t\t\t\t\t<\/a>\n\t\t\t\t\t\t\t\t<\/div>\n\t\t\t\t<\/div>\n\t\t\t\t<\/div>\n\t\t\t\t\t<\/div>\n\t\t\t\t<\/div>\n\t\t<div class=\"elementor-element elementor-element-282e45f e-flex e-con-boxed e-con e-parent\" data-id=\"282e45f\" data-element_type=\"container\" data-e-type=\"container\">\n\t\t\t\t\t<div class=\"e-con-inner\">\n\t\t\t\t<div class=\"elementor-element elementor-element-d5fc445 elementor-widget-divider--view-line elementor-widget elementor-widget-divider\" data-id=\"d5fc445\" data-element_type=\"widget\" data-e-type=\"widget\" data-widget_type=\"divider.default\">\n\t\t\t\t\t\t\t<div class=\"elementor-divider\">\n\t\t\t<span class=\"elementor-divider-separator\">\n\t\t\t\t\t\t<\/span>\n\t\t<\/div>\n\t\t\t\t\t\t<\/div>\n\t\t\t\t\t<\/div>\n\t\t\t\t<\/div>\n\t\t<div class=\"elementor-element elementor-element-a5c2d18 e-flex e-con-boxed e-con e-parent\" data-id=\"a5c2d18\" data-element_type=\"container\" data-e-type=\"container\" id=\"Colabora\" data-settings=\"{&quot;background_background&quot;:&quot;classic&quot;}\">\n\t\t\t\t\t<div class=\"e-con-inner\">\n\t\t\t\t<div class=\"elementor-element elementor-element-cf91a29 elementor-invisible elementor-widget elementor-widget-heading\" data-id=\"cf91a29\" data-element_type=\"widget\" data-e-type=\"widget\" data-settings=\"{&quot;_animation&quot;:&quot;fadeIn&quot;,&quot;_animation_delay&quot;:&quot;300&quot;}\" data-widget_type=\"heading.default\">\n\t\t\t\t\t<h2 class=\"elementor-heading-title elementor-size-default\">COLABORA<\/h2>\t\t\t\t<\/div>\n\t\t\t\t\t<\/div>\n\t\t\t\t<\/div>\n\t\t<div class=\"elementor-element elementor-element-11d5942 e-flex e-con-boxed e-con e-parent\" data-id=\"11d5942\" data-element_type=\"container\" data-e-type=\"container\" id=\"Colabora\" data-settings=\"{&quot;background_background&quot;:&quot;classic&quot;}\">\n\t\t\t\t\t<div class=\"e-con-inner\">\n\t\t\t\t<div class=\"elementor-element elementor-element-007ad05 elementor-widget elementor-widget-text-editor\" data-id=\"007ad05\" data-element_type=\"widget\" data-e-type=\"widget\" data-widget_type=\"text-editor.default\">\n\t\t\t\t\t\t\t\t\t<p style=\"text-align: center;\">Sus oraciones y su apoyo ayudan a anunciar el Evangelio, a sostener programas pastorales y catequ\u00e9ticos, a construir nuevas iglesias y atender las necesidades de salud y de educaci\u00f3n de nuestros hermanos y hermanas en tierras de misi\u00f3n.\u00a0 \u00a0 \u00a0 \u00a0 \u00a0 \u00a0 \u00a0 \u00a0 \u00a0(Papa Le\u00f3n XIV, \u00abmensaje para la jornada mundial de las misiones 2026\u00bb)<\/p><h2 style=\"text-align: center;\"><strong>ES58 2100 3385 3322 0013 3210<\/strong><\/h2>\t\t\t\t\t\t\t\t<\/div>\n\t\t\t\t\t<\/div>\n\t\t\t\t<\/div>\n\t\t\t\t<\/div>\n\t\t","protected":false},"excerpt":{"rendered":"<p>Delegaci\u00f3n de Misiones del Obispado de Terrassa Actualidad JORNADAS Las Jornadas Misioneras se celebran en toda la Iglesia Diocesana y representan la oportunidad de poner la misi\u00f3n en el centro su acci\u00f3n y oraci\u00f3n. A lo largo del a\u00f1o, se realizan diferentes jornadas que ponen el foco en una dimensi\u00f3n de la misi\u00f3n diferente para [&hellip;]<\/p>\n","protected":false},"author":1,"featured_media":0,"parent":0,"menu_order":0,"comment_status":"closed","ping_status":"closed","template":"elementor_header_footer","meta":{"footnotes":""},"class_list":["post-65","page","type-page","status-publish","hentry"],"_links":{"self":[{"href":"https:\/\/missions.bisbatdeterrassa.org\/index.php\/wp-json\/wp\/v2\/pages\/65","targetHints":{"allow":["GET"]}}],"collection":[{"href":"https:\/\/missions.bisbatdeterrassa.org\/index.php\/wp-json\/wp\/v2\/pages"}],"about":[{"href":"https:\/\/missions.bisbatdeterrassa.org\/index.php\/wp-json\/wp\/v2\/types\/page"}],"author":[{"embeddable":true,"href":"https:\/\/missions.bisbatdeterrassa.org\/index.php\/wp-json\/wp\/v2\/users\/1"}],"replies":[{"embeddable":true,"href":"https:\/\/missions.bisbatdeterrassa.org\/index.php\/wp-json\/wp\/v2\/comments?post=65"}],"version-history":[{"count":181,"href":"https:\/\/missions.bisbatdeterrassa.org\/index.php\/wp-json\/wp\/v2\/pages\/65\/revisions"}],"predecessor-version":[{"id":488,"href":"https:\/\/missions.bisbatdeterrassa.org\/index.php\/wp-json\/wp\/v2\/pages\/65\/revisions\/488"}],"wp:attachment":[{"href":"https:\/\/missions.bisbatdeterrassa.org\/index.php\/wp-json\/wp\/v2\/media?parent=65"}],"curies":[{"name":"wp","href":"https:\/\/api.w.org\/{rel}","templated":true}]}}