{"id":444,"date":"2026-02-10T09:54:34","date_gmt":"2026-02-10T08:54:34","guid":{"rendered":"https:\/\/missions.bisbatdeterrassa.org\/?page_id=444"},"modified":"2026-02-10T09:57:09","modified_gmt":"2026-02-10T08:57:09","slug":"aviso-legal","status":"publish","type":"page","link":"https:\/\/missions.bisbatdeterrassa.org\/index.php\/aviso-legal\/","title":{"rendered":"Aviso legal"},"content":{"rendered":"\t\t<div data-elementor-type=\"wp-page\" data-elementor-id=\"444\" class=\"elementor elementor-444\" data-elementor-post-type=\"page\">\n\t\t\t\t<div class=\"elementor-element elementor-element-e077c09 e-flex e-con-boxed e-con e-parent\" data-id=\"e077c09\" data-element_type=\"container\" data-e-type=\"container\">\n\t\t\t\t\t<div class=\"e-con-inner\">\n\t\t\t\t<div class=\"elementor-element elementor-element-c0b8761 elementor-invisible elementor-widget elementor-widget-heading\" data-id=\"c0b8761\" data-element_type=\"widget\" data-e-type=\"widget\" data-settings=\"{&quot;_animation&quot;:&quot;fadeIn&quot;,&quot;_animation_delay&quot;:&quot;300&quot;}\" data-widget_type=\"heading.default\">\n\t\t\t\t\t<h2 class=\"elementor-heading-title elementor-size-default\">AVISO LEGAL<\/h2>\t\t\t\t<\/div>\n\t\t\t\t\t<\/div>\n\t\t\t\t<\/div>\n\t\t<div class=\"elementor-element elementor-element-2cdb758 e-flex e-con-boxed e-con e-parent\" data-id=\"2cdb758\" data-element_type=\"container\" data-e-type=\"container\">\n\t\t\t\t\t<div class=\"e-con-inner\">\n\t\t\t\t<div class=\"elementor-element elementor-element-5bbaf7d elementor-widget-divider--view-line elementor-widget elementor-widget-divider\" data-id=\"5bbaf7d\" data-element_type=\"widget\" data-e-type=\"widget\" data-widget_type=\"divider.default\">\n\t\t\t\t\t\t\t<div class=\"elementor-divider\">\n\t\t\t<span class=\"elementor-divider-separator\">\n\t\t\t\t\t\t<\/span>\n\t\t<\/div>\n\t\t\t\t\t\t<\/div>\n\t\t\t\t\t<\/div>\n\t\t\t\t<\/div>\n\t\t<div class=\"elementor-element elementor-element-c7d2b5d e-flex e-con-boxed e-con e-parent\" data-id=\"c7d2b5d\" data-element_type=\"container\" data-e-type=\"container\">\n\t\t\t\t\t<div class=\"e-con-inner\">\n\t\t\t\t<div class=\"elementor-element elementor-element-7675ab5 elementor-widget elementor-widget-text-editor\" data-id=\"7675ab5\" data-element_type=\"widget\" data-e-type=\"widget\" data-widget_type=\"text-editor.default\">\n\t\t\t\t\t\t\t\t\t<p data-path-to-node=\"3\">Esta p\u00e1gina web es propiedad del <b data-path-to-node=\"3\" data-index-in-node=\"33\">BISBAT DE TERRASSA<\/b> y tiene car\u00e1cter meramente informativo. El hecho de acceder a esta p\u00e1gina implica el conocimiento y aceptaci\u00f3n de los siguientes t\u00e9rminos y condiciones de uso.<\/p><h4 data-path-to-node=\"4\">Titularidad de la p\u00e1gina web<\/h4><p data-path-to-node=\"5\">El nombre del dominio <b data-path-to-node=\"5\" data-index-in-node=\"22\">missions.bisbatdeterrassa.org<\/b> est\u00e1 registrado a favor del <b data-path-to-node=\"5\" data-index-in-node=\"80\">BISBAT DE TERRASSA<\/b>, con domicilio en C. Vinyals, 49 \u2013 08221 Terrassa (Barcelona). Direcci\u00f3n de correo electr\u00f3nico: bisbatdeterrassa@bisbatdeterrassa.org<\/p><h4 data-path-to-node=\"6\">Propiedad intelectual de la web<\/h4><p data-path-to-node=\"7\">Todos los derechos de propiedad intelectual del contenido de esta p\u00e1gina web y su dise\u00f1o gr\u00e1fico son propiedad exclusiva del <b data-path-to-node=\"7\" data-index-in-node=\"125\">BISBAT DE TERRASSA<\/b>, <span class=\"citation-3451 citation-end-3451\">y es a quien le corresponde el ejercicio exclusivo de los derechos de explotaci\u00f3n de los mismos. As\u00ed, queda prohibida su reproducci\u00f3n, distribuci\u00f3n, comunicaci\u00f3n p\u00fablica y modificaci\u00f3n, total o parcial, sin previa <\/span>autorizaci\u00f3n expresa del <b data-path-to-node=\"7\" data-index-in-node=\"384\">BISBAT DE TERRASSA<\/b>.<\/p><p data-path-to-node=\"8\">De igual forma, todos los signos distintivos, marcas, nombres comerciales o signos de cualquier clase contenidos en esta p\u00e1gina web est\u00e1n protegidos por ley. Las fotograf\u00edas y v\u00eddeos publicados a trav\u00e9s de la web han sido grabados previa autorizaci\u00f3n expresa de las personas que aparecen en ellos. Recordamos a los interesados que pueden dirigirse a la direcci\u00f3n de correo bisbatdeterrassa@bisbatdeterrassa.org para revocar en cualquier momento el consentimiento otorgado.<\/p><h4 data-path-to-node=\"9\">Contenido de la web y enlaces<\/h4><p data-path-to-node=\"10\">El <b data-path-to-node=\"10\" data-index-in-node=\"3\">BISBAT DE TERRASSA<\/b> no se responsabiliza del mal uso que se realice de los contenidos de su p\u00e1gina web, siendo responsabilidad exclusiva de la persona que accede a ellos o los utiliza. Tampoco asume responsabilidad alguna por la informaci\u00f3n contenida en las p\u00e1ginas web de terceros a las que se pueda acceder a trav\u00e9s de enlaces desde la p\u00e1gina <b data-path-to-node=\"10\" data-index-in-node=\"347\">missions.bisbatdeterrassa.org<\/b>.<\/p><p data-path-to-node=\"11\">La presencia de estos enlaces tiene una finalidad informativa y no constituye en ning\u00fan caso una invitaci\u00f3n a la contrataci\u00f3n de productos o servicios que se puedan ofrecer en la p\u00e1gina web de destino. En caso de que el <b data-path-to-node=\"11\" data-index-in-node=\"220\">BISBAT DE TERRASSA<\/b> <span class=\"citation-3449 citation-3450 citation-end-3450\">tuviera conocimiento efectivo de que la actividad o la informaci\u00f3n a la que remiten estos enlaces es il\u00edcita, constitutiva de delito o que puede lesionar bienes o derechos de terceros susceptibles de indemnizaci\u00f3n, actuar\u00e1 con la diligencia necesaria pa<\/span><span class=\"citation-3449 citation-end-3449\">ra suprimir o inutilizar el enlace corre<\/span>spondiente lo antes posible.<\/p><h4 data-path-to-node=\"12\">Actualizaci\u00f3n y modificaci\u00f3n de la p\u00e1gina web<\/h4><p data-path-to-node=\"13\">El <b data-path-to-node=\"13\" data-index-in-node=\"3\">BISBAT DE TERRASSA<\/b> se reserva el derecho de actualizar, modificar o eliminar la informaci\u00f3n contenida en su p\u00e1gina web, as\u00ed como su configuraci\u00f3n o presentaci\u00f3n, en cualquier momento, sin previo aviso y sin asumir ning\u00fan tipo de responsabilidad por ello.<\/p><h4 data-path-to-node=\"14\">Indicaciones sobre aspectos t\u00e9cnicos<\/h4><p data-path-to-node=\"15\">El <b data-path-to-node=\"15\" data-index-in-node=\"3\">BISBAT DE TERRASSA<\/b> <span class=\"citation-3447 citation-3448 citation-end-3448\">no asume responsabilidad alguna derivada de problemas t\u00e9cnicos o fallos en los equipos inform\u00e1ticos que se produzcan durante la conexi\u00f3n a Internet, o que puedan ser originados por terceras person<\/span><span class=\"citation-3447 citation-end-3447\">as a trav\u00e9s de intromisiones ileg\u00edtimas fuera de su control.<\/span><\/p><p data-path-to-node=\"16\">Desde el <b data-path-to-node=\"16\" data-index-in-node=\"9\">BISBAT DE TERRASSA<\/b> no se <span class=\"citation-3445 citation-3446\">garantiza la ausencia de virus y otros elementos que puedan causar da\u00f1os en los sistemas inform\u00e1ticos, los documentos electr\u00f3nicos o los ficheros de usuario de esta p\u00e1gina web o de p\u00e1ginas <\/span><span class=\"citation-3444 citation-3445 citation-3446 citation-end-3446\">web <\/span><span class=\"citation-3444 citation-3445 citation-end-3445\">de tercer<\/span><span class=\"citation-3444 citation-end-3444\">os, y no se responsabiliza de los da\u00f1os y perjuicios que se puedan llegar a producir por estos motivos. De igual forma, no se responsabiliza ante posibles da\u00f1os y perjuicios que puedan afectar al usuario como consecuencia de errores, defectos u omisiones en la<\/span> informaci\u00f3n que facilita cuando esta procede de terceras fuentes.<\/p><h4 data-path-to-node=\"17\">Legislaci\u00f3n y jurisdicci\u00f3n aplicable<\/h4><p data-path-to-node=\"18\">Con car\u00e1cter general, las relaciones con los usuarios derivadas de los contenidos de esta p\u00e1gina web est\u00e1n sometidas a la legislaci\u00f3n y jurisdicci\u00f3n espa\u00f1ola. Los usuarios de esta p\u00e1gina web son conscientes de todo lo expuesto y lo aceptan voluntariamente.<\/p>\t\t\t\t\t\t\t\t<\/div>\n\t\t\t\t\t<\/div>\n\t\t\t\t<\/div>\n\t\t\t\t<\/div>\n\t\t","protected":false},"excerpt":{"rendered":"<p>AVISO LEGAL Esta p\u00e1gina web es propiedad del BISBAT DE TERRASSA y tiene car\u00e1cter meramente informativo. El hecho de acceder a esta p\u00e1gina implica el conocimiento y aceptaci\u00f3n de los siguientes t\u00e9rminos y condiciones de uso. Titularidad de la p\u00e1gina web El nombre del dominio missions.bisbatdeterrassa.org est\u00e1 registrado a favor del BISBAT DE TERRASSA, con [&hellip;]<\/p>\n","protected":false},"author":1,"featured_media":0,"parent":0,"menu_order":0,"comment_status":"closed","ping_status":"closed","template":"","meta":{"footnotes":""},"class_list":["post-444","page","type-page","status-publish","hentry"],"_links":{"self":[{"href":"https:\/\/missions.bisbatdeterrassa.org\/index.php\/wp-json\/wp\/v2\/pages\/444","targetHints":{"allow":["GET"]}}],"collection":[{"href":"https:\/\/missions.bisbatdeterrassa.org\/index.php\/wp-json\/wp\/v2\/pages"}],"about":[{"href":"https:\/\/missions.bisbatdeterrassa.org\/index.php\/wp-json\/wp\/v2\/types\/page"}],"author":[{"embeddable":true,"href":"https:\/\/missions.bisbatdeterrassa.org\/index.php\/wp-json\/wp\/v2\/users\/1"}],"replies":[{"embeddable":true,"href":"https:\/\/missions.bisbatdeterrassa.org\/index.php\/wp-json\/wp\/v2\/comments?post=444"}],"version-history":[{"count":4,"href":"https:\/\/missions.bisbatdeterrassa.org\/index.php\/wp-json\/wp\/v2\/pages\/444\/revisions"}],"predecessor-version":[{"id":449,"href":"https:\/\/missions.bisbatdeterrassa.org\/index.php\/wp-json\/wp\/v2\/pages\/444\/revisions\/449"}],"wp:attachment":[{"href":"https:\/\/missions.bisbatdeterrassa.org\/index.php\/wp-json\/wp\/v2\/media?parent=444"}],"curies":[{"name":"wp","href":"https:\/\/api.w.org\/{rel}","templated":true}]}}